{"id":9685,"date":"2025-07-05T13:28:04","date_gmt":"2025-07-05T11:28:04","guid":{"rendered":"https:\/\/probeton.pl\/angebot\/renowacja-posadzek\/"},"modified":"2025-10-11T21:47:03","modified_gmt":"2025-10-11T19:47:03","slug":"polierter-beton","status":"publish","type":"page","link":"https:\/\/probeton.pl\/de\/polierter-beton\/","title":{"rendered":"Polierter Beton"},"content":{"rendered":"","protected":false},"excerpt":{"rendered":"","protected":false},"author":2,"featured_media":0,"parent":0,"menu_order":1,"comment_status":"closed","ping_status":"closed","template":"","meta":{"inline_featured_image":false,"footnotes":""},"class_list":["post-9685","page","type-page","status-publish","hentry"],"acf":[],"yoast_head":"<!-- This site is optimized with the Yoast SEO Premium plugin v27.4 (Yoast SEO v27.4) - https:\/\/yoast.com\/product\/yoast-seo-premium-wordpress\/ -->\n<title>Industriebodensanierung: Eine kosteng\u00fcnstige L\u00f6sung f\u00fcr Sie<\/title>\n<meta name=\"description\" content=\"Industriebodensanierung: Investieren Sie in die Renovierung Ihrer Fu\u00dfb\u00f6den. Schnelle, ger\u00e4uscharme und umweltfreundliche Methoden.\" \/>\n<meta name=\"robots\" content=\"index, follow, max-snippet:-1, max-image-preview:large, max-video-preview:-1\" \/>\n<link rel=\"canonical\" href=\"https:\/\/probeton.pl\/de\/polierter-beton\/\" \/>\n<meta property=\"og:locale\" content=\"de_DE\" \/>\n<meta property=\"og:type\" content=\"article\" \/>\n<meta property=\"og:title\" content=\"Polierter Beton\" \/>\n<meta property=\"og:description\" content=\"Industriebodensanierung: Investieren Sie in die Renovierung Ihrer Fu\u00dfb\u00f6den. Schnelle, ger\u00e4uscharme und umweltfreundliche Methoden.\" \/>\n<meta property=\"og:url\" content=\"https:\/\/probeton.pl\/de\/polierter-beton\/\" \/>\n<meta property=\"og:site_name\" content=\"Probeton\" \/>\n<meta property=\"article:publisher\" content=\"https:\/\/www.facebook.com\/probetonPL\" \/>\n<meta property=\"article:modified_time\" content=\"2025-10-11T19:47:03+00:00\" \/>\n<meta name=\"twitter:card\" content=\"summary_large_image\" \/>\n<meta name=\"twitter:label1\" content=\"Gesch\u00e4tzte Lesezeit\" \/>\n\t<meta name=\"twitter:data1\" content=\"6\u00a0Minuten\" \/>\n<script type=\"application\/ld+json\" class=\"yoast-schema-graph\">{\"@context\":\"https:\\\/\\\/schema.org\",\"@graph\":[{\"@type\":\"WebPage\",\"@id\":\"https:\\\/\\\/probeton.pl\\\/de\\\/polierter-beton\\\/\",\"url\":\"https:\\\/\\\/probeton.pl\\\/de\\\/polierter-beton\\\/\",\"name\":\"Industriebodensanierung: Eine kosteng\u00fcnstige L\u00f6sung f\u00fcr Sie\",\"isPartOf\":{\"@id\":\"https:\\\/\\\/probeton.pl\\\/de\\\/#website\"},\"datePublished\":\"2025-07-05T11:28:04+00:00\",\"dateModified\":\"2025-10-11T19:47:03+00:00\",\"description\":\"Industriebodensanierung: Investieren Sie in die Renovierung Ihrer Fu\u00dfb\u00f6den. Schnelle, ger\u00e4uscharme und umweltfreundliche Methoden.\",\"breadcrumb\":{\"@id\":\"https:\\\/\\\/probeton.pl\\\/de\\\/polierter-beton\\\/#breadcrumb\"},\"inLanguage\":\"de\",\"potentialAction\":[{\"@type\":\"ReadAction\",\"target\":[\"https:\\\/\\\/probeton.pl\\\/de\\\/polierter-beton\\\/\"]}]},{\"@type\":\"BreadcrumbList\",\"@id\":\"https:\\\/\\\/probeton.pl\\\/de\\\/polierter-beton\\\/#breadcrumb\",\"itemListElement\":[{\"@type\":\"ListItem\",\"position\":1,\"name\":\"Strona g\u0142\u00f3wna\",\"item\":\"https:\\\/\\\/probeton.pl\\\/de\\\/\"},{\"@type\":\"ListItem\",\"position\":2,\"name\":\"Polierter Beton\"}]},{\"@type\":\"WebSite\",\"@id\":\"https:\\\/\\\/probeton.pl\\\/de\\\/#website\",\"url\":\"https:\\\/\\\/probeton.pl\\\/de\\\/\",\"name\":\"Probeton\",\"description\":\"\",\"publisher\":{\"@id\":\"https:\\\/\\\/probeton.pl\\\/de\\\/#organization\"},\"potentialAction\":[{\"@type\":\"SearchAction\",\"target\":{\"@type\":\"EntryPoint\",\"urlTemplate\":\"https:\\\/\\\/probeton.pl\\\/de\\\/?s={search_term_string}\"},\"query-input\":{\"@type\":\"PropertyValueSpecification\",\"valueRequired\":true,\"valueName\":\"search_term_string\"}}],\"inLanguage\":\"de\"},{\"@type\":[\"Organization\",\"Place\"],\"@id\":\"https:\\\/\\\/probeton.pl\\\/de\\\/#organization\",\"name\":\"Probeton sp. z o.o.\",\"url\":\"https:\\\/\\\/probeton.pl\\\/de\\\/\",\"logo\":{\"@id\":\"https:\\\/\\\/probeton.pl\\\/de\\\/polierter-beton\\\/#local-main-organization-logo\"},\"image\":{\"@id\":\"https:\\\/\\\/probeton.pl\\\/de\\\/polierter-beton\\\/#local-main-organization-logo\"},\"sameAs\":[\"https:\\\/\\\/www.facebook.com\\\/probetonPL\",\"https:\\\/\\\/www.youtube.com\\\/channel\\\/UC2cTdZ4SwTK8Zqrnqr286fA\"],\"telephone\":[],\"openingHoursSpecification\":[{\"@type\":\"OpeningHoursSpecification\",\"dayOfWeek\":[\"Monday\",\"Tuesday\",\"Wednesday\",\"Thursday\",\"Friday\",\"Saturday\",\"Sunday\"],\"opens\":\"09:00\",\"closes\":\"17:00\"}]},{\"@type\":\"ImageObject\",\"inLanguage\":\"de\",\"@id\":\"https:\\\/\\\/probeton.pl\\\/de\\\/polierter-beton\\\/#local-main-organization-logo\",\"url\":\"https:\\\/\\\/probeton.pl\\\/wp-content\\\/uploads\\\/2023\\\/02\\\/pobrane_696.png\",\"contentUrl\":\"https:\\\/\\\/probeton.pl\\\/wp-content\\\/uploads\\\/2023\\\/02\\\/pobrane_696.png\",\"width\":144,\"height\":80,\"caption\":\"Probeton sp. z o.o.\"}]}<\/script>\n<!-- \/ Yoast SEO Premium plugin. -->","yoast_head_json":{"title":"Industriebodensanierung: Eine kosteng\u00fcnstige L\u00f6sung f\u00fcr Sie","description":"Industriebodensanierung: Investieren Sie in die Renovierung Ihrer Fu\u00dfb\u00f6den. Schnelle, ger\u00e4uscharme und umweltfreundliche Methoden.","robots":{"index":"index","follow":"follow","max-snippet":"max-snippet:-1","max-image-preview":"max-image-preview:large","max-video-preview":"max-video-preview:-1"},"canonical":"https:\/\/probeton.pl\/de\/polierter-beton\/","og_locale":"de_DE","og_type":"article","og_title":"Polierter Beton","og_description":"Industriebodensanierung: Investieren Sie in die Renovierung Ihrer Fu\u00dfb\u00f6den. Schnelle, ger\u00e4uscharme und umweltfreundliche Methoden.","og_url":"https:\/\/probeton.pl\/de\/polierter-beton\/","og_site_name":"Probeton","article_publisher":"https:\/\/www.facebook.com\/probetonPL","article_modified_time":"2025-10-11T19:47:03+00:00","twitter_card":"summary_large_image","twitter_misc":{"Gesch\u00e4tzte Lesezeit":"6\u00a0Minuten"},"schema":{"@context":"https:\/\/schema.org","@graph":[{"@type":"WebPage","@id":"https:\/\/probeton.pl\/de\/polierter-beton\/","url":"https:\/\/probeton.pl\/de\/polierter-beton\/","name":"Industriebodensanierung: Eine kosteng\u00fcnstige L\u00f6sung f\u00fcr Sie","isPartOf":{"@id":"https:\/\/probeton.pl\/de\/#website"},"datePublished":"2025-07-05T11:28:04+00:00","dateModified":"2025-10-11T19:47:03+00:00","description":"Industriebodensanierung: Investieren Sie in die Renovierung Ihrer Fu\u00dfb\u00f6den. Schnelle, ger\u00e4uscharme und umweltfreundliche Methoden.","breadcrumb":{"@id":"https:\/\/probeton.pl\/de\/polierter-beton\/#breadcrumb"},"inLanguage":"de","potentialAction":[{"@type":"ReadAction","target":["https:\/\/probeton.pl\/de\/polierter-beton\/"]}]},{"@type":"BreadcrumbList","@id":"https:\/\/probeton.pl\/de\/polierter-beton\/#breadcrumb","itemListElement":[{"@type":"ListItem","position":1,"name":"Strona g\u0142\u00f3wna","item":"https:\/\/probeton.pl\/de\/"},{"@type":"ListItem","position":2,"name":"Polierter Beton"}]},{"@type":"WebSite","@id":"https:\/\/probeton.pl\/de\/#website","url":"https:\/\/probeton.pl\/de\/","name":"Probeton","description":"","publisher":{"@id":"https:\/\/probeton.pl\/de\/#organization"},"potentialAction":[{"@type":"SearchAction","target":{"@type":"EntryPoint","urlTemplate":"https:\/\/probeton.pl\/de\/?s={search_term_string}"},"query-input":{"@type":"PropertyValueSpecification","valueRequired":true,"valueName":"search_term_string"}}],"inLanguage":"de"},{"@type":["Organization","Place"],"@id":"https:\/\/probeton.pl\/de\/#organization","name":"Probeton sp. z o.o.","url":"https:\/\/probeton.pl\/de\/","logo":{"@id":"https:\/\/probeton.pl\/de\/polierter-beton\/#local-main-organization-logo"},"image":{"@id":"https:\/\/probeton.pl\/de\/polierter-beton\/#local-main-organization-logo"},"sameAs":["https:\/\/www.facebook.com\/probetonPL","https:\/\/www.youtube.com\/channel\/UC2cTdZ4SwTK8Zqrnqr286fA"],"telephone":[],"openingHoursSpecification":[{"@type":"OpeningHoursSpecification","dayOfWeek":["Monday","Tuesday","Wednesday","Thursday","Friday","Saturday","Sunday"],"opens":"09:00","closes":"17:00"}]},{"@type":"ImageObject","inLanguage":"de","@id":"https:\/\/probeton.pl\/de\/polierter-beton\/#local-main-organization-logo","url":"https:\/\/probeton.pl\/wp-content\/uploads\/2023\/02\/pobrane_696.png","contentUrl":"https:\/\/probeton.pl\/wp-content\/uploads\/2023\/02\/pobrane_696.png","width":144,"height":80,"caption":"Probeton sp. z o.o."}]}},"_links":{"self":[{"href":"https:\/\/probeton.pl\/de\/wp-json\/wp\/v2\/pages\/9685","targetHints":{"allow":["GET"]}}],"collection":[{"href":"https:\/\/probeton.pl\/de\/wp-json\/wp\/v2\/pages"}],"about":[{"href":"https:\/\/probeton.pl\/de\/wp-json\/wp\/v2\/types\/page"}],"author":[{"embeddable":true,"href":"https:\/\/probeton.pl\/de\/wp-json\/wp\/v2\/users\/2"}],"replies":[{"embeddable":true,"href":"https:\/\/probeton.pl\/de\/wp-json\/wp\/v2\/comments?post=9685"}],"version-history":[{"count":36,"href":"https:\/\/probeton.pl\/de\/wp-json\/wp\/v2\/pages\/9685\/revisions"}],"predecessor-version":[{"id":10788,"href":"https:\/\/probeton.pl\/de\/wp-json\/wp\/v2\/pages\/9685\/revisions\/10788"}],"wp:attachment":[{"href":"https:\/\/probeton.pl\/de\/wp-json\/wp\/v2\/media?parent=9685"}],"curies":[{"name":"wp","href":"https:\/\/api.w.org\/{rel}","templated":true}]}}