{"id":9694,"date":"2025-07-05T13:28:36","date_gmt":"2025-07-05T11:28:36","guid":{"rendered":"https:\/\/probeton.pl\/angebot\/naprawa-posadzki\/"},"modified":"2025-10-16T12:22:00","modified_gmt":"2025-10-16T10:22:00","slug":"betonbodenreparatur","status":"publish","type":"page","link":"https:\/\/probeton.pl\/de\/betonbodenreparatur\/","title":{"rendered":"Betonbodenreparatur"},"content":{"rendered":"","protected":false},"excerpt":{"rendered":"","protected":false},"author":2,"featured_media":0,"parent":0,"menu_order":2,"comment_status":"closed","ping_status":"closed","template":"","meta":{"inline_featured_image":false,"footnotes":""},"class_list":["post-9694","page","type-page","status-publish","hentry"],"acf":[],"yoast_head":"<!-- This site is optimized with the Yoast SEO Premium plugin v27.4 (Yoast SEO v27.4) - https:\/\/yoast.com\/product\/yoast-seo-premium-wordpress\/ -->\n<title>Reparatur des Betonbodens: Wie man mit Sch\u00e4den umgeht<\/title>\n<meta name=\"description\" content=\"Professionelle Reparatur von Betonb\u00f6den in Lagerhallen. Sehen Sie, wie wir die Funktionalit\u00e4t Ihres Bodens wiederherstellen k\u00f6nnen.\" \/>\n<meta name=\"robots\" content=\"index, follow, max-snippet:-1, max-image-preview:large, max-video-preview:-1\" \/>\n<link rel=\"canonical\" href=\"https:\/\/probeton.pl\/de\/betonbodenreparatur\/\" \/>\n<meta property=\"og:locale\" content=\"de_DE\" \/>\n<meta property=\"og:type\" content=\"article\" \/>\n<meta property=\"og:title\" content=\"Betonbodenreparatur\" \/>\n<meta property=\"og:description\" content=\"Professionelle Reparatur von Betonb\u00f6den in Lagerhallen. Sehen Sie, wie wir die Funktionalit\u00e4t Ihres Bodens wiederherstellen k\u00f6nnen.\" \/>\n<meta property=\"og:url\" content=\"https:\/\/probeton.pl\/de\/betonbodenreparatur\/\" \/>\n<meta property=\"og:site_name\" content=\"Probeton\" \/>\n<meta property=\"article:publisher\" content=\"https:\/\/www.facebook.com\/probetonPL\" \/>\n<meta property=\"article:modified_time\" content=\"2025-10-16T10:22:00+00:00\" \/>\n<meta name=\"twitter:card\" content=\"summary_large_image\" \/>\n<meta name=\"twitter:label1\" content=\"Gesch\u00e4tzte Lesezeit\" \/>\n\t<meta name=\"twitter:data1\" content=\"4\u00a0Minuten\" \/>\n<script type=\"application\/ld+json\" class=\"yoast-schema-graph\">{\"@context\":\"https:\\\/\\\/schema.org\",\"@graph\":[{\"@type\":\"WebPage\",\"@id\":\"https:\\\/\\\/probeton.pl\\\/de\\\/betonbodenreparatur\\\/\",\"url\":\"https:\\\/\\\/probeton.pl\\\/de\\\/betonbodenreparatur\\\/\",\"name\":\"Reparatur des Betonbodens: Wie man mit Sch\u00e4den umgeht\",\"isPartOf\":{\"@id\":\"https:\\\/\\\/probeton.pl\\\/de\\\/#website\"},\"datePublished\":\"2025-07-05T11:28:36+00:00\",\"dateModified\":\"2025-10-16T10:22:00+00:00\",\"description\":\"Professionelle Reparatur von Betonb\u00f6den in Lagerhallen. Sehen Sie, wie wir die Funktionalit\u00e4t Ihres Bodens wiederherstellen k\u00f6nnen.\",\"breadcrumb\":{\"@id\":\"https:\\\/\\\/probeton.pl\\\/de\\\/betonbodenreparatur\\\/#breadcrumb\"},\"inLanguage\":\"de\",\"potentialAction\":[{\"@type\":\"ReadAction\",\"target\":[\"https:\\\/\\\/probeton.pl\\\/de\\\/betonbodenreparatur\\\/\"]}]},{\"@type\":\"BreadcrumbList\",\"@id\":\"https:\\\/\\\/probeton.pl\\\/de\\\/betonbodenreparatur\\\/#breadcrumb\",\"itemListElement\":[{\"@type\":\"ListItem\",\"position\":1,\"name\":\"Strona g\u0142\u00f3wna\",\"item\":\"https:\\\/\\\/probeton.pl\\\/de\\\/\"},{\"@type\":\"ListItem\",\"position\":2,\"name\":\"Betonbodenreparatur\"}]},{\"@type\":\"WebSite\",\"@id\":\"https:\\\/\\\/probeton.pl\\\/de\\\/#website\",\"url\":\"https:\\\/\\\/probeton.pl\\\/de\\\/\",\"name\":\"Probeton\",\"description\":\"\",\"publisher\":{\"@id\":\"https:\\\/\\\/probeton.pl\\\/de\\\/#organization\"},\"potentialAction\":[{\"@type\":\"SearchAction\",\"target\":{\"@type\":\"EntryPoint\",\"urlTemplate\":\"https:\\\/\\\/probeton.pl\\\/de\\\/?s={search_term_string}\"},\"query-input\":{\"@type\":\"PropertyValueSpecification\",\"valueRequired\":true,\"valueName\":\"search_term_string\"}}],\"inLanguage\":\"de\"},{\"@type\":[\"Organization\",\"Place\"],\"@id\":\"https:\\\/\\\/probeton.pl\\\/de\\\/#organization\",\"name\":\"Probeton sp. z o.o.\",\"url\":\"https:\\\/\\\/probeton.pl\\\/de\\\/\",\"logo\":{\"@id\":\"https:\\\/\\\/probeton.pl\\\/de\\\/betonbodenreparatur\\\/#local-main-organization-logo\"},\"image\":{\"@id\":\"https:\\\/\\\/probeton.pl\\\/de\\\/betonbodenreparatur\\\/#local-main-organization-logo\"},\"sameAs\":[\"https:\\\/\\\/www.facebook.com\\\/probetonPL\",\"https:\\\/\\\/www.youtube.com\\\/channel\\\/UC2cTdZ4SwTK8Zqrnqr286fA\"],\"telephone\":[],\"openingHoursSpecification\":[{\"@type\":\"OpeningHoursSpecification\",\"dayOfWeek\":[\"Monday\",\"Tuesday\",\"Wednesday\",\"Thursday\",\"Friday\",\"Saturday\",\"Sunday\"],\"opens\":\"09:00\",\"closes\":\"17:00\"}]},{\"@type\":\"ImageObject\",\"inLanguage\":\"de\",\"@id\":\"https:\\\/\\\/probeton.pl\\\/de\\\/betonbodenreparatur\\\/#local-main-organization-logo\",\"url\":\"https:\\\/\\\/probeton.pl\\\/wp-content\\\/uploads\\\/2023\\\/02\\\/pobrane_696.png\",\"contentUrl\":\"https:\\\/\\\/probeton.pl\\\/wp-content\\\/uploads\\\/2023\\\/02\\\/pobrane_696.png\",\"width\":144,\"height\":80,\"caption\":\"Probeton sp. z o.o.\"}]}<\/script>\n<!-- \/ Yoast SEO Premium plugin. -->","yoast_head_json":{"title":"Reparatur des Betonbodens: Wie man mit Sch\u00e4den umgeht","description":"Professionelle Reparatur von Betonb\u00f6den in Lagerhallen. Sehen Sie, wie wir die Funktionalit\u00e4t Ihres Bodens wiederherstellen k\u00f6nnen.","robots":{"index":"index","follow":"follow","max-snippet":"max-snippet:-1","max-image-preview":"max-image-preview:large","max-video-preview":"max-video-preview:-1"},"canonical":"https:\/\/probeton.pl\/de\/betonbodenreparatur\/","og_locale":"de_DE","og_type":"article","og_title":"Betonbodenreparatur","og_description":"Professionelle Reparatur von Betonb\u00f6den in Lagerhallen. Sehen Sie, wie wir die Funktionalit\u00e4t Ihres Bodens wiederherstellen k\u00f6nnen.","og_url":"https:\/\/probeton.pl\/de\/betonbodenreparatur\/","og_site_name":"Probeton","article_publisher":"https:\/\/www.facebook.com\/probetonPL","article_modified_time":"2025-10-16T10:22:00+00:00","twitter_card":"summary_large_image","twitter_misc":{"Gesch\u00e4tzte Lesezeit":"4\u00a0Minuten"},"schema":{"@context":"https:\/\/schema.org","@graph":[{"@type":"WebPage","@id":"https:\/\/probeton.pl\/de\/betonbodenreparatur\/","url":"https:\/\/probeton.pl\/de\/betonbodenreparatur\/","name":"Reparatur des Betonbodens: Wie man mit Sch\u00e4den umgeht","isPartOf":{"@id":"https:\/\/probeton.pl\/de\/#website"},"datePublished":"2025-07-05T11:28:36+00:00","dateModified":"2025-10-16T10:22:00+00:00","description":"Professionelle Reparatur von Betonb\u00f6den in Lagerhallen. Sehen Sie, wie wir die Funktionalit\u00e4t Ihres Bodens wiederherstellen k\u00f6nnen.","breadcrumb":{"@id":"https:\/\/probeton.pl\/de\/betonbodenreparatur\/#breadcrumb"},"inLanguage":"de","potentialAction":[{"@type":"ReadAction","target":["https:\/\/probeton.pl\/de\/betonbodenreparatur\/"]}]},{"@type":"BreadcrumbList","@id":"https:\/\/probeton.pl\/de\/betonbodenreparatur\/#breadcrumb","itemListElement":[{"@type":"ListItem","position":1,"name":"Strona g\u0142\u00f3wna","item":"https:\/\/probeton.pl\/de\/"},{"@type":"ListItem","position":2,"name":"Betonbodenreparatur"}]},{"@type":"WebSite","@id":"https:\/\/probeton.pl\/de\/#website","url":"https:\/\/probeton.pl\/de\/","name":"Probeton","description":"","publisher":{"@id":"https:\/\/probeton.pl\/de\/#organization"},"potentialAction":[{"@type":"SearchAction","target":{"@type":"EntryPoint","urlTemplate":"https:\/\/probeton.pl\/de\/?s={search_term_string}"},"query-input":{"@type":"PropertyValueSpecification","valueRequired":true,"valueName":"search_term_string"}}],"inLanguage":"de"},{"@type":["Organization","Place"],"@id":"https:\/\/probeton.pl\/de\/#organization","name":"Probeton sp. z o.o.","url":"https:\/\/probeton.pl\/de\/","logo":{"@id":"https:\/\/probeton.pl\/de\/betonbodenreparatur\/#local-main-organization-logo"},"image":{"@id":"https:\/\/probeton.pl\/de\/betonbodenreparatur\/#local-main-organization-logo"},"sameAs":["https:\/\/www.facebook.com\/probetonPL","https:\/\/www.youtube.com\/channel\/UC2cTdZ4SwTK8Zqrnqr286fA"],"telephone":[],"openingHoursSpecification":[{"@type":"OpeningHoursSpecification","dayOfWeek":["Monday","Tuesday","Wednesday","Thursday","Friday","Saturday","Sunday"],"opens":"09:00","closes":"17:00"}]},{"@type":"ImageObject","inLanguage":"de","@id":"https:\/\/probeton.pl\/de\/betonbodenreparatur\/#local-main-organization-logo","url":"https:\/\/probeton.pl\/wp-content\/uploads\/2023\/02\/pobrane_696.png","contentUrl":"https:\/\/probeton.pl\/wp-content\/uploads\/2023\/02\/pobrane_696.png","width":144,"height":80,"caption":"Probeton sp. z o.o."}]}},"_links":{"self":[{"href":"https:\/\/probeton.pl\/de\/wp-json\/wp\/v2\/pages\/9694","targetHints":{"allow":["GET"]}}],"collection":[{"href":"https:\/\/probeton.pl\/de\/wp-json\/wp\/v2\/pages"}],"about":[{"href":"https:\/\/probeton.pl\/de\/wp-json\/wp\/v2\/types\/page"}],"author":[{"embeddable":true,"href":"https:\/\/probeton.pl\/de\/wp-json\/wp\/v2\/users\/2"}],"replies":[{"embeddable":true,"href":"https:\/\/probeton.pl\/de\/wp-json\/wp\/v2\/comments?post=9694"}],"version-history":[{"count":10,"href":"https:\/\/probeton.pl\/de\/wp-json\/wp\/v2\/pages\/9694\/revisions"}],"predecessor-version":[{"id":10866,"href":"https:\/\/probeton.pl\/de\/wp-json\/wp\/v2\/pages\/9694\/revisions\/10866"}],"wp:attachment":[{"href":"https:\/\/probeton.pl\/de\/wp-json\/wp\/v2\/media?parent=9694"}],"curies":[{"name":"wp","href":"https:\/\/api.w.org\/{rel}","templated":true}]}}